{"id":24641,"date":"2022-08-31T10:57:18","date_gmt":"2022-08-31T08:57:18","guid":{"rendered":"https:\/\/axiotrad.fr\/declaration-de-confidentialite-ue\/"},"modified":"2022-08-31T11:06:42","modified_gmt":"2022-08-31T09:06:42","slug":"declaracion-de-confidencialidad-ue","status":"publish","type":"page","link":"https:\/\/axiotrad.fr\/es\/declaracion-de-confidencialidad-ue\/","title":{"rendered":"Declaraci\u00f3n de Confidencialidad (UE)"},"content":{"rendered":"\t\t<div data-elementor-type=\"wp-page\" data-elementor-id=\"24641\" class=\"elementor elementor-24641 elementor-21841\" data-elementor-post-type=\"page\">\n\t\t\t\t\t\t<section class=\"elementor-section elementor-top-section elementor-element elementor-element-70b02537 elementor-section-boxed elementor-section-height-default elementor-section-height-default\" data-id=\"70b02537\" data-element_type=\"section\" data-e-type=\"section\">\n\t\t\t\t\t\t<div class=\"elementor-container elementor-column-gap-default\">\n\t\t\t\t\t<div class=\"elementor-column elementor-col-100 elementor-top-column elementor-element elementor-element-3824bfe6\" data-id=\"3824bfe6\" data-element_type=\"column\" data-e-type=\"column\">\n\t\t\t<div class=\"elementor-widget-wrap elementor-element-populated\">\n\t\t\t\t\t\t<div class=\"elementor-element elementor-element-5a551411 elementor-widget elementor-widget-shortcode\" data-id=\"5a551411\" data-element_type=\"widget\" data-e-type=\"widget\" data-widget_type=\"shortcode.default\">\n\t\t\t\t<div class=\"elementor-widget-container\">\n\t\t\t\t\t\t\t<div class=\"elementor-shortcode\">\n<!-- Legal document generated by Complianz | GDPR\/CCPA Cookie Consent https:\/\/wordpress.org\/plugins\/complianz-gdpr -->\n<div id=\"cmplz-document\" class=\"cmplz-document privacy-statement cmplz-document-eu\"><p><i>Esta declaraci\u00f3n de privacidad se actualiz\u00f3 por \u00faltima vez el 13 de abril de 2026 y se aplica a los ciudadanos y residentes legales permanentes del Espacio Econ\u00f3mico Europeo y Suiza.<\/i><br \/><br \/><\/p><p><p>En esta declaraci\u00f3n de privacidad, explicamos lo que hacemos con los datos que obtenemos sobre usted a trav\u00e9s de <a href=\"https:\/\/axiotrad.fr\/es\/\">https:\/\/axiotrad.fr\/es\/<\/a>. Le recomendamos que lea atentamente esta declaraci\u00f3n. En nuestro tratamiento cumplimos con los requisitos de la legislaci\u00f3n sobre privacidad. Esto significa, entre otras cosas, que:<\/p><ul>\n                <li>indicamos claramente los fines para los que procesamos los datos personales. Hacemos esto por medio de esta declaraci\u00f3n de privacidad.<\/li>\n                <li>nos proponemos limitar nuestra recopilaci\u00f3n de datos personales a los datos personales necesarios para fines leg\u00edtimos;<\/li>\n                <li>en primer lugar, solicitamos su consentimiento expl\u00edcito para el tratamiento de sus datos personales en los casos en que sea necesario.<\/li>\n                <li>tomamos las medidas de seguridad adecuadas para proteger sus datos personales y tambi\u00e9n lo exigimos a las partes que procesan datos personales en nuestro nombre;<\/li>\n                <li>respetamos su derecho a acceder, rectificar o cancelar sus datos personales previa solicitud.<\/li>\n            <\/ul><p>Si tiene alguna pregunta o quiere saber exactamente qu\u00e9 datos guardamos de usted, p\u00f3ngase en contacto con nosotros.<\/p><\/p><h2>1. Prop\u00f3sito, datos y periodo de retenci\u00f3n<\/h2>Podemos recopilar o recibir informaci\u00f3n personal para un n\u00famero de prop\u00f3sitos relacionados con nuestras operaciones comerciales, que pueden incluir lo siguiente: (haga clic para expandir) <details class=\"cmplz-dropdown dropdown-privacy-statement\"><summary><div><h3>1.1 Contacto - Por tel\u00e9fono, correo, correo electr\u00f3nico y\/o formularios en el sitio<\/h3><\/div><\/summary><p class=\"cmplz-subtitle\">Para ello utilizamos los siguientes datos:<\/p><p><ul><li>Un nombre y apellido<\/li><li>Una direcci\u00f3n de casa u otra direcci\u00f3n f\u00edsica, incluyendo el nombre de la calle y el nombre de una ciudad o pueblo<\/li><li>Una direcci\u00f3n de correo electr\u00f3nico<\/li><li>Un n\u00famero de tel\u00e9fono<\/li><\/ul><\/p><p class=\"cmplz-subtitle\">La base sobre la que podemos procesar estos datos es:<\/p><p><a target=\"_blank\" rel=\"noopener noreferrer nofollow\" href=\"https:\/\/cookiedatabase.org\/legal-bases\/#consent\">Tras la prestaci\u00f3n del consentimiento. <\/a><\/p><p class=\"cmplz-subtitle\">Per\u00edodo de retenci\u00f3n<\/p><p>Conservamos estos datos tras la finalizaci\u00f3n del servicio durante el siguiente n\u00famero de meses: 24<\/p><\/details><details class=\"cmplz-dropdown dropdown-privacy-statement\"><summary><div><h3>1.2 Recopilaci\u00f3n y an\u00e1lisis de estad\u00edsticas para la mejora de la web.<\/h3><\/div><\/summary><p class=\"cmplz-subtitle\">Para ello utilizamos los siguientes datos:<\/p><p><ul><li>Direcci\u00f3n IP<\/li><\/ul><\/p><p class=\"cmplz-subtitle\">La base sobre la que podemos procesar estos datos es:<\/p><p><a target=\"_blank\" rel=\"noopener noreferrer nofollow\" href=\"https:\/\/cookiedatabase.org\/legal-bases\/#consent\">Tras la prestaci\u00f3n del consentimiento. <\/a><\/p><p class=\"cmplz-subtitle\">Per\u00edodo de retenci\u00f3n<\/p><p>Una vez finalizado el servicio, conservaremos estos datos durante el siguiente per\u00edodo: 24 mois.<\/p><\/details><h2>2. Compartir con otras partes<\/h2><p>S\u00f3lo compartimos o divulgamos estos datos a los encargados del tratamiento de datos para los siguientes prop\u00f3sitos:<\/p><p class=\"cmplz-subtitle\">Encargados del tratamiento de datos<\/p><p><b>Nombre:<\/b>&nbsp;GooPlus<br \/>\n            <b>Pa\u00eds:<\/b>&nbsp;France<br \/>\n            <b>Prop\u00f3sito:<\/b>&nbsp;Maintenance du site internet<br \/>\n            <\/p><h2>3. Cookies<\/h2><p>Nuestra web utiliza cookies. Para m\u00e1s informaci\u00f3n acerca de las cookies, por favor consulte nuestra <a href=\"https:\/\/axiotrad.fr\/es\/politica-de-cookies-eu\/\">Pol\u00edtica de cookies<\/a>.&nbsp;<\/p><h2>4. Pr\u00e1cticas de divulgaci\u00f3n<\/h2><p><p>Divulgamos informaci\u00f3n personal si nos lo exige la ley o una orden judicial, en respuesta a un organismo encargado de hacer cumplir la ley, en la medida en que lo permitan otras disposiciones legales, para proporcionar informaci\u00f3n o para una investigaci\u00f3n sobre un asunto relacionado con la seguridad p\u00fablica.<\/p><p>Si nuestro sitio web o nuestra organizaci\u00f3n son adquiridos, vendidos o participan en una fusi\u00f3n o adquisici\u00f3n, sus datos podr\u00e1n ser revelados a nuestros asesores y a los posibles compradores, y se transmitir\u00e1n a los nuevos propietarios.<\/p><\/p><p>Tenemos un Acuerdo de procesamiento de datos con Google.<\/p><p>La inclusi\u00f3n de direcciones IP completas est\u00e1 bloqueada por nosotros.<\/p><h2>5. Seguridad<\/h2><p>Estamos comprometidos con la seguridad de los datos personales. Tomamos las medidas de seguridad adecuadas para limitar el abuso y el acceso no autorizado a los datos personales. Esto asegura que s\u00f3lo las personas necesarias tengan acceso a sus datos, que el acceso a los datos est\u00e9 protegido y que nuestras medidas de seguridad sean revisadas regularmente.<\/p><h2>6. Webs de terceros<\/h2><p>Esta declaraci\u00f3n de privacidad no se aplica a las webs de terceros conectados mediante enlaces en nuestra web. No podemos garantizar que estas terceras partes manejen sus datos personales de forma fiable o segura. Le recomendamos que lea las declaraciones de privacidad de estas webs antes de utilizarlos.<\/p><h2>7. Modificaciones de esta declaraci\u00f3n de privacidad<\/h2><p>Nos reservamos el derecho de hacer enmiendas a esta declaraci\u00f3n de privacidad. Se recomienda que consulte esta declaraci\u00f3n de privacidad regularmente para estar al tanto de cualquier cambio. Adem\u00e1s, le informaremos activamente siempre que sea posible.<\/p><h2>8. Acceso y modificaci\u00f3n de sus datos<\/h2><p>Si tiene alguna pregunta o desea saber qu\u00e9 datos personales tenemos sobre usted, p\u00f3ngase en contacto con nosotros. Puede ponerse en contacto con nosotros utilizando la siguiente informaci\u00f3n. Usted tiene los siguientes derechos:<\/p><ul>\n                <li>Usted tiene derecho a saber por qu\u00e9 se necesitan sus datos personales, qu\u00e9 pasar\u00e1 con ellos y durante cu\u00e1nto tiempo se conservar\u00e1n.<\/li>\n                <li>Derecho de acceso: Tiene derecho a acceder a los datos personales que conocemos sobre usted.<\/li>\n                <li>Derecho de rectificaci\u00f3n: tiene derecho a completar, rectificar, borrar o bloquear sus datos personales cuando lo desee.<\/li>\n                <li>Si usted nos da su consentimiento para procesar sus datos, tiene derecho a revocar dicho consentimiento y a que se eliminen sus datos personales.<\/li>\n                <li>Derecho de cesi\u00f3n de sus datos: tiene derecho a solicitar todos sus datos personales al responsable y a transferirlos \u00edntegramente a otro responsable del tratamiento de datos.<\/li>\n                <li>Derecho de oposici\u00f3n: usted puede oponerse al tratamiento de sus datos. Nosotros cumplimos con esto, a menos que existan motivos justificados para el tratamiento.<\/li>\n            <\/ul><p>Por favor, aseg\u00farese de indicar siempre claramente qui\u00e9n es usted, para que podamos estar seguros de que no modificamos o eliminamos ning\u00fan dato de la persona equivocada.<\/p><h2>9. Enviando una reclamaci\u00f3n<\/h2><p>Si no est\u00e1 satisfecho con la forma en que tratamos o procesamos sus datos personales, tiene derecho a presentar una queja a la Autoridad de protecci\u00f3n de datos.<\/p><h2>10. Datos de contacto<\/h2><p>Axiotrad<br \/>\n        8B, rue Jablinot<br \/>\r\n77100 Meaux<br \/>\n        Francia<br \/>\n        Web: <a href=\"https:\/\/axiotrad.fr\/es\/\">https:\/\/axiotrad.fr\/es\/<\/a> <br \/>\n        Correo electr\u00f3nico: <span class=\"cmplz-obfuscate\">c&#111;&#110;&#116;act@<span class=\"cmplz-fmail-domain\">&#101;&#120;.c&#111;m<\/span>axi&#111;&#116;&#114;ad&#046;&#102;&#114;<\/span> <br \/>\n        N\u00famero de tel\u00e9fono: 09.81.97.48.08<\/p><h2>Anexo<\/h2><p><h3>iThemes Security<\/h3>\n<div class=\"wp-suggested-text\">\n<h2>Quelles donn\u00e9es personnelles nous collectons et pourquoi nous les collectons<\/h2>\n<h3>Cookies<\/h3>\nCertains formulaires sur ce site n\u00e9cessitent l\u2019utilisation du service reCAPTCHA de Google avant de pouvoir \u00eatre envoy\u00e9s. Si vous acceptez d\u2019utiliser le service reCAPTCHA de Google, un cookie sera cr\u00e9\u00e9 pour enregistrer votre consentement. Ce cookie s\u2019efface tout seul apr\u00e8s trente jours.\n<h3>Registres de s\u00e9curit\u00e9<\/h3>\nL\u2019adresse IP des visiteurs, l\u2019identifiant des utilisateurs connect\u00e9s et le nom d\u2019utilisateur des tentatives de connexion sont enregistr\u00e9s de mani\u00e8re conditionnelle afin de v\u00e9rifier l\u2019absence d\u2019activit\u00e9 malveillante et pour prot\u00e9ger le site contre des types d\u2019attaques sp\u00e9cifiques. Par exemple, les situations prises en compte pour les registres incluent les tentatives de connexion, les demandes de d\u00e9connexion, les demandes d\u2019URL suspectes, les modifications du contenu du site, et les changements de mot de passe. Ces informations sont conserv\u00e9es pendant 60 jours.\n<h2>Avec qui nous partageons vos donn\u00e9es<\/h2>\nCertains formulaires sur ce site n\u00e9cessitent l\u2019utilisation du service reCAPTCHA de Google avant de pouvoir \u00eatre envoy\u00e9s. L\u2019utilisation du service re CAPTCHA est soumise \u00e0 la <a href=\"https:\/\/policies.google.com\/privacy\">Politique de Confidentialit\u00e9<\/a> et aux <a href=\"https:\/\/policies.google.com\/terms\">Conditions d\u2019utilisation<\/a> de Google.\n<p class=\"privacy-policy-tutorial\">Lors de l\u2019ex\u00e9cution du contr\u00f4le de s\u00e9curit\u00e9, ithemes.com sera contact\u00e9 dans le cadre d\u2019un processus visant \u00e0 d\u00e9terminer si le site prend en charge les requ\u00eates TLS\/SSL. Aucune donn\u00e9e personnelle n\u2019est transmise \u00e0 ithemes.com durant ce processus. Les requ\u00eates adress\u00e9es \u00e0 ithemes.com incluent l\u2019URL du site. Pour plus de d\u00e9tails sur la politique de confidentialit\u00e9 ithemes.com, veuillez consulter la <a href=\"https:\/\/ithemes.com\/privacy-policy\/\">Politique de Confidentialit\u00e9 iThemes<\/a>.<\/p>\nCe site est analys\u00e9 par le scanner de site d\u2019iThemes afin de d\u00e9tecter les logiciels malveillants et les vuln\u00e9rabilit\u00e9s potentielles. Nous n\u2019envoyons aucune information personnelle au scanner ; cependant ce dernier pourrait trouver des informations personnelles publi\u00e9es publiquement (par exemple dans les commentaires) pendant l\u2019analyse.\nCe site est analys\u00e9 par le scanner de site d\u2019iThemes afin de d\u00e9tecter les logiciels malveillants et les vuln\u00e9rabilit\u00e9s potentielles. Nous n\u2019envoyons aucune information personnelle au scanner ; cependant ce dernier pourrait trouver des informations personnelles publi\u00e9es publiquement (par exemple dans les commentaires) pendant l\u2019analyse.\n<p class=\"privacy-policy-tutorial\">Afin d\u2019assurer l\u2019int\u00e9grit\u00e9 des fichiers, iThemes Security r\u00e9cup\u00e8re des donn\u00e9es de wordpress.org, ithemes.com et amazonaws.com. Aucune donn\u00e9e personnelle n\u2019est envoy\u00e9e \u00e0 ces sites. Les requ\u00eates adress\u00e9es \u00e0 wordpress.org incluent la version de WordPress la locale du site, une liste des plugins install\u00e9s et une liste de la version de chaque plugin. Les requ\u00eates adress\u00e9es \u00e0 ithemes.com et amazonaws.com incluent les produits iThemes install\u00e9s et leurs versions. Pour plus de d\u00e9tails sur la politique de confidentialit\u00e9 de wordpress.org, veuillez consulter <a href=\"https:\/\/wordpress.org\/about\/privacy\/\">Politique de Confidentialit\u00e9 de WordPress<\/a>. Pour plus de d\u00e9tails sur la politique de confidentialit\u00e9 ithemes.com, veuillez consulter la <a href=\"https:\/\/ithemes.com\/privacy-policy\/\">Politique de Confidentialit\u00e9 iThemes<\/a>. Les requ\u00eates adress\u00e9es \u00e0 amazonaws.com concernent le contenu ajout\u00e9 et g\u00e9r\u00e9 par iThemes, qui est couvert par la <a href=\"https:\/\/aws.amazon.com\/compliance\/data-privacy-faq\/\">Politique de Confidentialit\u00e9 des donn\u00e9es d\u2019Amazon Web Services<\/a>.<\/p>\n\n<h2>Combien de temps nous conservons vos donn\u00e9es<\/h2>\nLes registres de s\u00e9curit\u00e9 sont conserv\u00e9s pendant 60 jours.\n<\/div>\n<h3>Complianz | La suite de confidentialit\u00e9 pour WordPress<\/h3>\nCe site web utilise la Privacy Suite for WordPress de Complianz pour collecter les enregistrements de consentement.\u00a0Pour cette fonctionnalit\u00e9, votre adresse IP est rendue anonyme et stock\u00e9e dans notre base de donn\u00e9es.\u00a0Pour plus d\u2019informations, consultez la <a href=\"https:\/\/complianz.io\/privacy-statement\/\" target=\"_blank\" rel=\"noopener\">D\u00e9claration de confidentialit\u00e9<\/a> de Complianz.<\/p><\/div><\/div>\n\t\t\t\t\t\t<\/div>\n\t\t\t\t<\/div>\n\t\t\t\t\t<\/div>\n\t\t<\/div>\n\t\t\t\t\t<\/div>\n\t\t<\/section>\n\t\t\t\t<\/div>\n\t\t","protected":false},"excerpt":{"rendered":"","protected":false},"author":15,"featured_media":0,"parent":0,"menu_order":24,"comment_status":"closed","ping_status":"closed","template":"","meta":{"_seopress_robots_primary_cat":"","_seopress_titles_title":"Declaraci\u00f3n de Confidencialidad - AxioTrad","_seopress_titles_desc":"","_seopress_robots_index":"","footnotes":""},"class_list":["post-24641","page","type-page","status-publish","hentry"],"_links":{"self":[{"href":"https:\/\/axiotrad.fr\/es\/wp-json\/wp\/v2\/pages\/24641","targetHints":{"allow":["GET"]}}],"collection":[{"href":"https:\/\/axiotrad.fr\/es\/wp-json\/wp\/v2\/pages"}],"about":[{"href":"https:\/\/axiotrad.fr\/es\/wp-json\/wp\/v2\/types\/page"}],"author":[{"embeddable":true,"href":"https:\/\/axiotrad.fr\/es\/wp-json\/wp\/v2\/users\/15"}],"replies":[{"embeddable":true,"href":"https:\/\/axiotrad.fr\/es\/wp-json\/wp\/v2\/comments?post=24641"}],"version-history":[{"count":0,"href":"https:\/\/axiotrad.fr\/es\/wp-json\/wp\/v2\/pages\/24641\/revisions"}],"wp:attachment":[{"href":"https:\/\/axiotrad.fr\/es\/wp-json\/wp\/v2\/media?parent=24641"}],"curies":[{"name":"wp","href":"https:\/\/api.w.org\/{rel}","templated":true}]}}