{"id":24627,"date":"2022-08-31T10:33:03","date_gmt":"2022-08-31T08:33:03","guid":{"rendered":"https:\/\/axiotrad.fr\/aviso-legal\/"},"modified":"2022-08-31T10:33:04","modified_gmt":"2022-08-31T08:33:04","slug":"aviso-legal","status":"publish","type":"page","link":"https:\/\/axiotrad.fr\/es\/aviso-legal\/","title":{"rendered":"Aviso Legal"},"content":{"rendered":"\t\t<div data-elementor-type=\"wp-page\" data-elementor-id=\"24627\" class=\"elementor elementor-24627 elementor-3\" data-elementor-post-type=\"page\">\n\t\t\t\t\t\t<section class=\"elementor-section elementor-top-section elementor-element elementor-element-2ee38dc3 elementor-section-boxed elementor-section-height-default elementor-section-height-default\" data-id=\"2ee38dc3\" data-element_type=\"section\" data-e-type=\"section\">\n\t\t\t\t\t\t<div class=\"elementor-container elementor-column-gap-default\">\n\t\t\t\t\t<div class=\"elementor-column elementor-col-100 elementor-top-column elementor-element elementor-element-17aecdf9\" data-id=\"17aecdf9\" data-element_type=\"column\" data-e-type=\"column\">\n\t\t\t<div class=\"elementor-widget-wrap elementor-element-populated\">\n\t\t\t\t\t\t<div class=\"elementor-element elementor-element-03935ae elementor-widget elementor-widget-heading\" data-id=\"03935ae\" data-element_type=\"widget\" data-e-type=\"widget\" data-widget_type=\"heading.default\">\n\t\t\t\t<div class=\"elementor-widget-container\">\n\t\t\t\t\t<h1 class=\"elementor-heading-title elementor-size-default\">Aviso Legal<\/h1>\t\t\t\t<\/div>\n\t\t\t\t<\/div>\n\t\t\t\t<div class=\"elementor-element elementor-element-caf5320 elementor-widget elementor-widget-text-editor\" data-id=\"caf5320\" data-element_type=\"widget\" data-e-type=\"widget\" data-widget_type=\"text-editor.default\">\n\t\t\t\t<div class=\"elementor-widget-container\">\n\t\t\t\t\t\t\t\t\t<p>SAS AxioTrad<\/p><p>Capital de 3.000,00 euros<\/p><p>Sede social : 8, rue Jablinot \u2013 B31<\/p><p>77100 Meaux<\/p><p>Francia<\/p>\t\t\t\t\t\t\t\t<\/div>\n\t\t\t\t<\/div>\n\t\t\t\t<div class=\"elementor-element elementor-element-6b2fa28 elementor-widget elementor-widget-text-editor\" data-id=\"6b2fa28\" data-element_type=\"widget\" data-e-type=\"widget\" data-widget_type=\"text-editor.default\">\n\t\t\t\t<div class=\"elementor-widget-container\">\n\t\t\t\t\t\t\t\t\t<p>E-mail : contact@axiotrad.fr<\/p><p>Tel : +33 (0)9 81 97 48 08<\/p><p>Fax : +33 (0)1 60 32 26 61<\/p><p>M\u00f3vil : +33 (0)7 68 59 52 17<\/p>\t\t\t\t\t\t\t\t<\/div>\n\t\t\t\t<\/div>\n\t\t\t\t<div class=\"elementor-element elementor-element-15428c9 elementor-widget elementor-widget-text-editor\" data-id=\"15428c9\" data-element_type=\"widget\" data-e-type=\"widget\" data-widget_type=\"text-editor.default\">\n\t\t\t\t<div class=\"elementor-widget-container\">\n\t\t\t\t\t\t\t\t\t<p>SIRET\/NIF : 835284472 Registro Mercantil de MEAUX<\/p><p>C\u00d3DIGO NAF : 7430Z<\/p><p>IVA Intracomunitaria : FR 48 835284472<\/p>\t\t\t\t\t\t\t\t<\/div>\n\t\t\t\t<\/div>\n\t\t\t\t<div class=\"elementor-element elementor-element-44fcaf6 elementor-widget elementor-widget-text-editor\" data-id=\"44fcaf6\" data-element_type=\"widget\" data-e-type=\"widget\" data-widget_type=\"text-editor.default\">\n\t\t\t\t<div class=\"elementor-widget-container\">\n\t\t\t\t\t\t\t\t\t<p><strong>Propiedad intelectual<\/strong><\/p><p>Todos los textos presentes en la p\u00e1gina web de AxioTrad son de la propiedad intelectual de AxioTrad.<\/p>\t\t\t\t\t\t\t\t<\/div>\n\t\t\t\t<\/div>\n\t\t\t\t<div class=\"elementor-element elementor-element-a3cf371 elementor-widget elementor-widget-text-editor\" data-id=\"a3cf371\" data-element_type=\"widget\" data-e-type=\"widget\" data-widget_type=\"text-editor.default\">\n\t\t\t\t<div class=\"elementor-widget-container\">\n\t\t\t\t\t\t\t\t\t<p><strong>Comunicaci\u00f3n<\/strong><\/p><p>Directora de la publicaci\u00f3n: Malika Akcha<\/p><p>P\u00e1gina web realizada por la agencia <a href=\"https:\/\/gooplus.fr\">GooPlus<\/a><\/p><p>P\u00e1gina web alojada por OVH, 2 rue Kellermann \u2013 59100 Roubaix \u2013 Francia<\/p><p>Cr\u00e9ditos fotos : Adobe Stock<\/p>\t\t\t\t\t\t\t\t<\/div>\n\t\t\t\t<\/div>\n\t\t\t\t<div class=\"elementor-element elementor-element-f9c28ae elementor-widget elementor-widget-text-editor\" data-id=\"f9c28ae\" data-element_type=\"widget\" data-e-type=\"widget\" data-widget_type=\"text-editor.default\">\n\t\t\t\t<div class=\"elementor-widget-container\">\n\t\t\t\t\t\t\t\t\t<h1>Protecci\u00f3n de datos personales<\/h1><p>AxioTrad es la propietaria de la p\u00e1gina web www.axiotrad.fr \/ www.axiotrad.com. En este marco, AxioTrad le informa de su pol\u00edtica de confidencialidad y de tratamiento de los datos personales.<\/p>\t\t\t\t\t\t\t\t<\/div>\n\t\t\t\t<\/div>\n\t\t\t\t<div class=\"elementor-element elementor-element-5552ad0 elementor-widget elementor-widget-text-editor\" data-id=\"5552ad0\" data-element_type=\"widget\" data-e-type=\"widget\" data-widget_type=\"text-editor.default\">\n\t\t\t\t<div class=\"elementor-widget-container\">\n\t\t\t\t\t\t\t\t\t<p><strong>Recogida y tratamiento de los datos<\/strong><\/p><p>Al completar los diferentes formularios presentes en la p\u00e1gina web www.axiotrad.fr \/ www.axiotrad.com, usted comunica datos que pueden ser personales. Estos datos est\u00e1n destinados a AxioTrad para su gesti\u00f3n administrativa y comercial, as\u00ed como para su gesti\u00f3n marketing y su relaci\u00f3n con el cliente.<\/p><p>En general, los datos que recabamos y que son indispensables para nosotros para responder a sus solicitudes, est\u00e1n identificados por un asterisco en los formularios de recogida de datos. Si usted no completa estos campos obligatorios, tal vez no podamos responder a sus solicitudes.<\/p><p>AxioTrad procura poner en marcha todas las precauciones necesarias para preservar la confidencialidad y la seguridad de los datos personales tratados e impedir que sean alterados, da\u00f1ados, destruidos o que terceros no autorizados tengan acceso a ellos. Se han implementado las medidas t\u00e9cnicas y organizativas de seguridad conforme al estado t\u00e9cnico alcanzado, en particular en lo relativo a los sistemas de informaci\u00f3n. Sin embargo, la sociedad no controla todos los riesgos relacionados con el funcionamiento de Internet y llama la atenci\u00f3n de los visitantes sobre la existencia de eventuales riesgos inherentes a su uso y funcionamiento.<\/p>\t\t\t\t\t\t\t\t<\/div>\n\t\t\t\t<\/div>\n\t\t\t\t<div class=\"elementor-element elementor-element-ae92c96 elementor-widget elementor-widget-text-editor\" data-id=\"ae92c96\" data-element_type=\"widget\" data-e-type=\"widget\" data-widget_type=\"text-editor.default\">\n\t\t\t\t<div class=\"elementor-widget-container\">\n\t\t\t\t\t\t\t\t\t<p><strong>Duraci\u00f3n del consentimiento<\/strong><\/p><p>Los datos recabados mediante los formularios presentes en la p\u00e1gina web www.axiotrad.fr \/ www.axiotrad.com se conservan durante un periodo que no supera el periodo necesario para los fines por los que han sido recabados.<\/p><p>Los datos personales recabados mediante cookies se conservan durante un periodo m\u00e1ximo de 13 meses.<\/p>\t\t\t\t\t\t\t\t<\/div>\n\t\t\t\t<\/div>\n\t\t\t\t<div class=\"elementor-element elementor-element-cd1c0e6 elementor-widget elementor-widget-text-editor\" data-id=\"cd1c0e6\" data-element_type=\"widget\" data-e-type=\"widget\" data-widget_type=\"text-editor.default\">\n\t\t\t\t<div class=\"elementor-widget-container\">\n\t\t\t\t\t\t\t\t\t<p><strong>Derecho de acceso, rectificaci\u00f3n y oponibilidad<\/strong><\/p><p>El usuario queda informado de que dispone de un derecho de acceso, rectificaci\u00f3n, consulta, oposici\u00f3n por motivos leg\u00edtimos y de oposici\u00f3n a ser contactado con fines comerciales, relativo a sus datos de car\u00e1cter personal que puede ejercer enviando un correo electr\u00f3nico a la siguiente direcci\u00f3n: contact@axiotrad.fr, por tel\u00e9fono al: +33 (0)9 81 97 48 08 o envi\u00e1ndonos un correo a la siguiente direcci\u00f3n: AxioTrad SAS, 8B, rue Jablinot, 77100 Meaux, Francia.<\/p>\t\t\t\t\t\t\t\t<\/div>\n\t\t\t\t<\/div>\n\t\t\t\t<div class=\"elementor-element elementor-element-58e127d elementor-widget elementor-widget-text-editor\" data-id=\"58e127d\" data-element_type=\"widget\" data-e-type=\"widget\" data-widget_type=\"text-editor.default\">\n\t\t\t\t<div class=\"elementor-widget-container\">\n\t\t\t\t\t\t\t\t\t<p><strong>Enlaces hipertexto<\/strong><\/p><p>AxioTrad no controla las p\u00e1ginas web conectadas con la suya y, por lo tanto, no podr\u00e1 ser responsable de su contenido. Los riesgos relacionados con el uso de estas p\u00e1ginas web recaen por completo en el el usuario. Deber\u00e1 cumplir sus condiciones de uso.<\/p>\t\t\t\t\t\t\t\t<\/div>\n\t\t\t\t<\/div>\n\t\t\t\t<div class=\"elementor-element elementor-element-d60f179 elementor-widget elementor-widget-text-editor\" data-id=\"d60f179\" data-element_type=\"widget\" data-e-type=\"widget\" data-widget_type=\"text-editor.default\">\n\t\t\t\t<div class=\"elementor-widget-container\">\n\t\t\t\t\t\t\t\t\t<p><strong>Gesti\u00f3n de las Cookies<\/strong><\/p><p>Durante su navegaci\u00f3n por la p\u00e1gina web de AxioTrad, una cookie puede ser instalada autom\u00e1ticamente en su ordenador. Estos archivos, llamados \u00abcookies\u00bb, est\u00e1n gestionados directamente por el navegador de Internet que utiliza y permiten recabar datos relativos a su consulta de la p\u00e1gina web, con el objetivo de mejorar su navegaci\u00f3n.<\/p><p>Cuando consulta AxioTrad por primera vez y que AxioTrad prev\u00e9 colocar una cookie en su ordenador, le informamos de nuestro uso de cookies mediante un banner informativo presente en la parte superior de la p\u00e1gina. Al seguir navegando por la p\u00e1gina web cuando aparece este banner, usted consiente a que utilicemos cookies.<\/p><p>Tiene la posibilidad de desactivar las cookies cuando consulta nuestra p\u00e1gina web. Tambi\u00e9n puede configurar su navegador para ser informado cuando se depositan cookies en su ordenador y dar su acuerdo o no.<\/p>\t\t\t\t\t\t\t\t<\/div>\n\t\t\t\t<\/div>\n\t\t\t\t\t<\/div>\n\t\t<\/div>\n\t\t\t\t\t<\/div>\n\t\t<\/section>\n\t\t\t\t<\/div>\n\t\t","protected":false},"excerpt":{"rendered":"<p>Aviso Legal SAS AxioTrad Capital de 3.000,00 euros Sede social : 8, rue Jablinot \u2013 B31 77100 Meaux Francia E-mail : contact@axiotrad.fr Tel : +33 (0)9 81 97 48 08 Fax : +33 (0)1 60 32 26 61 M\u00f3vil : +33 (0)7 68 59 52 17 SIRET\/NIF : 835284472 Registro Mercantil de MEAUX C\u00d3DIGO NAF [&hellip;]<\/p>\n","protected":false},"author":15,"featured_media":0,"parent":0,"menu_order":20,"comment_status":"closed","ping_status":"closed","template":"","meta":{"_seopress_robots_primary_cat":"","_seopress_titles_title":"Aviso Legal - AxioTrad","_seopress_titles_desc":"Estos avisos legales (\"Avisos Legales\") definen el marco legal que rige el acceso al sitio y su uso.","_seopress_robots_index":"","footnotes":""},"class_list":["post-24627","page","type-page","status-publish","hentry"],"_links":{"self":[{"href":"https:\/\/axiotrad.fr\/es\/wp-json\/wp\/v2\/pages\/24627","targetHints":{"allow":["GET"]}}],"collection":[{"href":"https:\/\/axiotrad.fr\/es\/wp-json\/wp\/v2\/pages"}],"about":[{"href":"https:\/\/axiotrad.fr\/es\/wp-json\/wp\/v2\/types\/page"}],"author":[{"embeddable":true,"href":"https:\/\/axiotrad.fr\/es\/wp-json\/wp\/v2\/users\/15"}],"replies":[{"embeddable":true,"href":"https:\/\/axiotrad.fr\/es\/wp-json\/wp\/v2\/comments?post=24627"}],"version-history":[{"count":0,"href":"https:\/\/axiotrad.fr\/es\/wp-json\/wp\/v2\/pages\/24627\/revisions"}],"wp:attachment":[{"href":"https:\/\/axiotrad.fr\/es\/wp-json\/wp\/v2\/media?parent=24627"}],"curies":[{"name":"wp","href":"https:\/\/api.w.org\/{rel}","templated":true}]}}