{"id":24350,"date":"2022-08-18T11:44:46","date_gmt":"2022-08-18T09:44:46","guid":{"rendered":"https:\/\/axiotrad.fr\/gracias-presupuesto\/"},"modified":"2022-08-29T08:06:07","modified_gmt":"2022-08-29T06:06:07","slug":"gracias-presupuesto","status":"publish","type":"page","link":"https:\/\/axiotrad.fr\/es\/gracias-presupuesto\/","title":{"rendered":"Gracias &#8211; Presupuesto"},"content":{"rendered":"\t\t<div data-elementor-type=\"wp-page\" data-elementor-id=\"24350\" class=\"elementor elementor-24350 elementor-21815\" data-elementor-post-type=\"page\">\n\t\t\t\t\t\t<section class=\"elementor-section elementor-top-section elementor-element elementor-element-faf1289 elementor-section-height-full elementor-section-boxed elementor-section-height-default elementor-section-items-middle\" data-id=\"faf1289\" data-element_type=\"section\" data-e-type=\"section\">\n\t\t\t\t\t\t<div class=\"elementor-container elementor-column-gap-default\">\n\t\t\t\t\t<div class=\"elementor-column elementor-col-100 elementor-top-column elementor-element elementor-element-54ce7f6\" data-id=\"54ce7f6\" data-element_type=\"column\" data-e-type=\"column\">\n\t\t\t<div class=\"elementor-widget-wrap elementor-element-populated\">\n\t\t\t\t\t\t<div class=\"elementor-element elementor-element-f5aafdc elementor-widget elementor-widget-heading\" data-id=\"f5aafdc\" data-element_type=\"widget\" data-e-type=\"widget\" data-widget_type=\"heading.default\">\n\t\t\t\t<div class=\"elementor-widget-container\">\n\t\t\t\t\t<h1 class=\"elementor-heading-title elementor-size-default\">\u00a1Gracias!<\/h1>\t\t\t\t<\/div>\n\t\t\t\t<\/div>\n\t\t\t\t<div class=\"elementor-element elementor-element-f29fd55 elementor-widget elementor-widget-text-editor\" data-id=\"f29fd55\" data-element_type=\"widget\" data-e-type=\"widget\" data-widget_type=\"text-editor.default\">\n\t\t\t\t<div class=\"elementor-widget-container\">\n\t\t\t\t\t\t\t\t\tSu mensaje ha sido enviado con \u00e9xito.\r\n\r\nNos pondremos en contacto con usted en el m\u00e1s breve plazo para su presupuesto.\t\t\t\t\t\t\t\t<\/div>\n\t\t\t\t<\/div>\n\t\t\t\t<div class=\"elementor-element elementor-element-dd664f8 elementor-widget elementor-widget-button\" data-id=\"dd664f8\" data-element_type=\"widget\" data-e-type=\"widget\" data-widget_type=\"button.default\">\n\t\t\t\t<div class=\"elementor-widget-container\">\n\t\t\t\t\t\t\t\t\t<div class=\"elementor-button-wrapper\">\n\t\t\t\t\t<a class=\"elementor-button elementor-button-link elementor-size-sm\" href=\"https:\/\/axiotrad.fr\/es\/\">\n\t\t\t\t\t\t<span class=\"elementor-button-content-wrapper\">\n\t\t\t\t\t\t\t\t\t<span class=\"elementor-button-text\">Volver a la p\u00e1gina de inicio<\/span>\n\t\t\t\t\t<\/span>\n\t\t\t\t\t<\/a>\n\t\t\t\t<\/div>\n\t\t\t\t\t\t\t\t<\/div>\n\t\t\t\t<\/div>\n\t\t\t\t\t<\/div>\n\t\t<\/div>\n\t\t\t\t\t<\/div>\n\t\t<\/section>\n\t\t\t\t<\/div>\n\t\t","protected":false},"excerpt":{"rendered":"<p>\u00a1Gracias! Su mensaje ha sido enviado con \u00e9xito. Nos pondremos en contacto con usted en el m\u00e1s breve plazo para su presupuesto. Volver a la p\u00e1gina de inicio<\/p>\n","protected":false},"author":15,"featured_media":0,"parent":0,"menu_order":22,"comment_status":"closed","ping_status":"closed","template":"","meta":{"_seopress_robots_primary_cat":"","_seopress_titles_title":"Gracias - AxioTrad","_seopress_titles_desc":"","_seopress_robots_index":"","footnotes":""},"class_list":["post-24350","page","type-page","status-publish","hentry"],"_links":{"self":[{"href":"https:\/\/axiotrad.fr\/es\/wp-json\/wp\/v2\/pages\/24350","targetHints":{"allow":["GET"]}}],"collection":[{"href":"https:\/\/axiotrad.fr\/es\/wp-json\/wp\/v2\/pages"}],"about":[{"href":"https:\/\/axiotrad.fr\/es\/wp-json\/wp\/v2\/types\/page"}],"author":[{"embeddable":true,"href":"https:\/\/axiotrad.fr\/es\/wp-json\/wp\/v2\/users\/15"}],"replies":[{"embeddable":true,"href":"https:\/\/axiotrad.fr\/es\/wp-json\/wp\/v2\/comments?post=24350"}],"version-history":[{"count":0,"href":"https:\/\/axiotrad.fr\/es\/wp-json\/wp\/v2\/pages\/24350\/revisions"}],"wp:attachment":[{"href":"https:\/\/axiotrad.fr\/es\/wp-json\/wp\/v2\/media?parent=24350"}],"curies":[{"name":"wp","href":"https:\/\/api.w.org\/{rel}","templated":true}]}}